{"id":18,"date":"2025-04-02T20:28:58","date_gmt":"2025-04-02T18:28:58","guid":{"rendered":"https:\/\/braillecraft.pl\/?page_id=18"},"modified":"2026-02-05T11:36:09","modified_gmt":"2026-02-05T10:36:09","slug":"strona-glowna","status":"publish","type":"page","link":"https:\/\/braillecraft.pl\/","title":{"rendered":"Strona g\u0142\u00f3wna"},"content":{"rendered":"\n<div class=\"wp-block-media-text is-stacked-on-mobile\" style=\"grid-template-columns:63% auto\"><figure class=\"wp-block-media-text__media\"><a href=\"https:\/\/braillecraft.pl\/?page_id=85\"><img fetchpriority=\"high\" decoding=\"async\" width=\"1920\" height=\"1280\" src=\"https:\/\/braillecraft.pl\/wp-content\/uploads\/2025\/04\/IMG_1768_Gabinet.jpg\" alt=\"tabliczka z kontrastow\u0105 czcionk\u0105 - link do strony oznaczenia\" class=\"wp-image-138 size-full\" srcset=\"https:\/\/braillecraft.pl\/wp-content\/uploads\/2025\/04\/IMG_1768_Gabinet.jpg 1920w, https:\/\/braillecraft.pl\/wp-content\/uploads\/2025\/04\/IMG_1768_Gabinet-300x200.jpg 300w\" sizes=\"(max-width: 1920px) 100vw, 1920px\" \/><\/a><\/figure><div class=\"wp-block-media-text__content\">\n<h2 class=\"wp-block-heading\"><a href=\"https:\/\/braillecraft.pl\/?page_id=85\">Oznaczenia<\/a><\/h2>\n\n\n\n<ul class=\"wp-block-list\">\n<li>brajlowskie<\/li>\n\n\n\n<li>kontrastow\u0105, wypuk\u0142\u0105 czcionk\u0105 <\/li>\n\n\n\n<li>modu\u0142owe tablice informacyjne<\/li>\n<\/ul>\n\n\n\n<p>zgodne ze standardem dost\u0119pno\u015bci budynk\u00f3w<\/p>\n<\/div><\/div>\n\n\n\n<div style=\"height:45px\" aria-hidden=\"true\" class=\"wp-block-spacer\"><\/div>\n\n\n\n<div class=\"wp-block-media-text is-stacked-on-mobile\" style=\"grid-template-columns:63% auto\"><figure class=\"wp-block-media-text__media\"><a href=\"https:\/\/braillecraft.pl\/?page_id=82\"><img decoding=\"async\" width=\"1024\" height=\"683\" src=\"https:\/\/braillecraft.pl\/wp-content\/uploads\/2025\/04\/DrukarkaIndex-2-1024x683.jpg\" alt=\"link do strony wydruki i adaptacje brajlowskie\" class=\"wp-image-19 size-full\" srcset=\"https:\/\/braillecraft.pl\/wp-content\/uploads\/2025\/04\/DrukarkaIndex-2-1024x683.jpg 1024w, https:\/\/braillecraft.pl\/wp-content\/uploads\/2025\/04\/DrukarkaIndex-2-300x200.jpg 300w, https:\/\/braillecraft.pl\/wp-content\/uploads\/2025\/04\/DrukarkaIndex-2.jpg 1920w\" sizes=\"(max-width: 1024px) 100vw, 1024px\" \/><\/a><\/figure><div class=\"wp-block-media-text__content\">\n<h2 class=\"wp-block-heading\"><a href=\"https:\/\/braillecraft.pl\/?page_id=82\">Wydruki i adaptacje brajlowskie<\/a><\/h2>\n\n\n\n<ul class=\"wp-block-list\">\n<li>podr\u0119czniki<\/li>\n\n\n\n<li>dokumenty<\/li>\n\n\n\n<li>artyku\u0142y<\/li>\n\n\n\n<li>notatki<\/li>\n<\/ul>\n<\/div><\/div>\n\n\n\n<div style=\"height:45px\" aria-hidden=\"true\" class=\"wp-block-spacer\"><\/div>\n\n\n\n<div class=\"wp-block-media-text is-stacked-on-mobile\" style=\"grid-template-columns:63% auto\"><figure class=\"wp-block-media-text__media\"><a href=\"https:\/\/braillecraft.pl\/?page_id=87\"><img decoding=\"async\" width=\"1024\" height=\"683\" src=\"https:\/\/braillecraft.pl\/wp-content\/uploads\/2025\/04\/IMG_9870-2-1-1024x683.jpg\" alt=\"osoba w ciemnych okularach prowadz\u0105ca szkolenie w sali wyk\u0142adowej\" class=\"wp-image-25 size-full\" srcset=\"https:\/\/braillecraft.pl\/wp-content\/uploads\/2025\/04\/IMG_9870-2-1-1024x683.jpg 1024w, https:\/\/braillecraft.pl\/wp-content\/uploads\/2025\/04\/IMG_9870-2-1-300x200.jpg 300w, https:\/\/braillecraft.pl\/wp-content\/uploads\/2025\/04\/IMG_9870-2-1.jpg 1920w\" sizes=\"(max-width: 1024px) 100vw, 1024px\" \/><\/a><\/figure><div class=\"wp-block-media-text__content\">\n<h2 class=\"wp-block-heading\">Szkolenia<\/h2>\n\n\n\n<ul class=\"wp-block-list\">\n<li>tyfloinformatyczne<\/li>\n\n\n\n<li>informatyczne<\/li>\n\n\n\n<li>z zakresu dost\u0119pno\u015bci cyfrowej<\/li>\n<\/ul>\n<\/div><\/div>\n\n\n\n<div style=\"height:45px\" aria-hidden=\"true\" class=\"wp-block-spacer\"><\/div>\n\n\n\n<div class=\"wp-block-media-text is-stacked-on-mobile\" style=\"grid-template-columns:63% auto\"><figure class=\"wp-block-media-text__media\"><a href=\"https:\/\/braillecraft.pl\/?page_id=89\"><img loading=\"lazy\" decoding=\"async\" width=\"1920\" height=\"1280\" src=\"https:\/\/braillecraft.pl\/wp-content\/uploads\/2025\/04\/IMG_1760-3-1.jpg\" alt=\"link do strony audyty dost\u0119pno\u015bci\" class=\"wp-image-107 size-full\" srcset=\"https:\/\/braillecraft.pl\/wp-content\/uploads\/2025\/04\/IMG_1760-3-1.jpg 1920w, https:\/\/braillecraft.pl\/wp-content\/uploads\/2025\/04\/IMG_1760-3-1-300x200.jpg 300w\" sizes=\"(max-width: 1920px) 100vw, 1920px\" \/><\/a><\/figure><div class=\"wp-block-media-text__content\">\n<h2 class=\"wp-block-heading\">Audyty dost\u0119pno\u015bci<\/h2>\n\n\n\n<ul class=\"wp-block-list\">\n<li>cyfrowej<\/li>\n\n\n\n<li>architektonicznej<\/li>\n\n\n\n<li>informacyjno \u2013 komunikacyjnej<\/li>\n<\/ul>\n<\/div><\/div>\n\n\n\n<div style=\"height:45px\" aria-hidden=\"true\" class=\"wp-block-spacer\"><\/div>\n\n\n\n<div class=\"wp-block-media-text is-stacked-on-mobile\" style=\"grid-template-columns:63% auto\"><figure class=\"wp-block-media-text__media\"><a href=\"https:\/\/braillecraft.pl\/?page_id=59\"><img loading=\"lazy\" decoding=\"async\" width=\"1024\" height=\"683\" src=\"https:\/\/braillecraft.pl\/wp-content\/uploads\/2025\/04\/Cro24-5-1-1024x683.jpg\" alt=\"Us\u0142ugi fotograficzne\" class=\"wp-image-22 size-full\" srcset=\"https:\/\/braillecraft.pl\/wp-content\/uploads\/2025\/04\/Cro24-5-1-1024x683.jpg 1024w, https:\/\/braillecraft.pl\/wp-content\/uploads\/2025\/04\/Cro24-5-1-300x200.jpg 300w, https:\/\/braillecraft.pl\/wp-content\/uploads\/2025\/04\/Cro24-5-1.jpg 1920w\" sizes=\"(max-width: 1024px) 100vw, 1024px\" \/><\/a><\/figure><div class=\"wp-block-media-text__content\">\n<h2 class=\"wp-block-heading\">Us\u0142ugi fotograficzne<\/h2>\n\n\n\n<ul class=\"wp-block-list\">\n<li>dokumentacja wydarze\u0144<\/li>\n\n\n\n<li>sesje plenerowe<\/li>\n\n\n\n<li>sesje rodzinne<\/li>\n<\/ul>\n<\/div><\/div>\n","protected":false},"excerpt":{"rendered":"","protected":false},"author":1,"featured_media":0,"parent":0,"menu_order":0,"comment_status":"closed","ping_status":"closed","template":"","meta":{"footnotes":""},"class_list":["post-18","page","type-page","status-publish","hentry"],"yoast_head":"<!-- This site is optimized with the Yoast SEO plugin v24.5 - https:\/\/yoast.com\/wordpress\/plugins\/seo\/ -->\n<title>Strona g\u0142\u00f3wna - BrailleCraft<\/title>\n<meta name=\"robots\" content=\"index, follow, max-snippet:-1, max-image-preview:large, max-video-preview:-1\" \/>\n<link rel=\"canonical\" href=\"https:\/\/braillecraft.pl\/\" \/>\n<meta property=\"og:locale\" content=\"en_US\" \/>\n<meta property=\"og:type\" content=\"article\" \/>\n<meta property=\"og:title\" content=\"Strona g\u0142\u00f3wna - BrailleCraft\" \/>\n<meta property=\"og:url\" content=\"https:\/\/braillecraft.pl\/\" \/>\n<meta property=\"og:site_name\" content=\"BrailleCraft\" \/>\n<meta property=\"article:modified_time\" content=\"2026-02-05T10:36:09+00:00\" \/>\n<meta property=\"og:image\" content=\"https:\/\/braillecraft.pl\/wp-content\/uploads\/2025\/04\/IMG_1768_Gabinet.jpg\" \/>\n\t<meta property=\"og:image:width\" content=\"1920\" \/>\n\t<meta property=\"og:image:height\" content=\"1280\" \/>\n\t<meta property=\"og:image:type\" content=\"image\/jpeg\" \/>\n<meta name=\"twitter:card\" content=\"summary_large_image\" \/>\n<meta name=\"twitter:label1\" content=\"Est. reading time\" \/>\n\t<meta name=\"twitter:data1\" content=\"2 minutes\" \/>\n<script type=\"application\/ld+json\" class=\"yoast-schema-graph\">{\"@context\":\"https:\/\/schema.org\",\"@graph\":[{\"@type\":\"WebPage\",\"@id\":\"https:\/\/braillecraft.pl\/\",\"url\":\"https:\/\/braillecraft.pl\/\",\"name\":\"Strona g\u0142\u00f3wna - BrailleCraft\",\"isPartOf\":{\"@id\":\"https:\/\/braillecraft.pl\/#website\"},\"primaryImageOfPage\":{\"@id\":\"https:\/\/braillecraft.pl\/#primaryimage\"},\"image\":{\"@id\":\"https:\/\/braillecraft.pl\/#primaryimage\"},\"thumbnailUrl\":\"https:\/\/braillecraft.pl\/wp-content\/uploads\/2025\/04\/IMG_1768_Gabinet.jpg\",\"datePublished\":\"2025-04-02T18:28:58+00:00\",\"dateModified\":\"2026-02-05T10:36:09+00:00\",\"breadcrumb\":{\"@id\":\"https:\/\/braillecraft.pl\/#breadcrumb\"},\"inLanguage\":\"en-US\",\"potentialAction\":[{\"@type\":\"ReadAction\",\"target\":[\"https:\/\/braillecraft.pl\/\"]}]},{\"@type\":\"ImageObject\",\"inLanguage\":\"en-US\",\"@id\":\"https:\/\/braillecraft.pl\/#primaryimage\",\"url\":\"https:\/\/braillecraft.pl\/wp-content\/uploads\/2025\/04\/IMG_1768_Gabinet.jpg\",\"contentUrl\":\"https:\/\/braillecraft.pl\/wp-content\/uploads\/2025\/04\/IMG_1768_Gabinet.jpg\",\"width\":1920,\"height\":1280},{\"@type\":\"BreadcrumbList\",\"@id\":\"https:\/\/braillecraft.pl\/#breadcrumb\",\"itemListElement\":[{\"@type\":\"ListItem\",\"position\":1,\"name\":\"Home\",\"item\":\"https:\/\/braillecraft.pl\/\"},{\"@type\":\"ListItem\",\"position\":2,\"name\":\"Strona g\u0142\u00f3wna\"}]},{\"@type\":\"WebSite\",\"@id\":\"https:\/\/braillecraft.pl\/#website\",\"url\":\"https:\/\/braillecraft.pl\/\",\"name\":\"BrailleCraft\",\"description\":\"\",\"potentialAction\":[{\"@type\":\"SearchAction\",\"target\":{\"@type\":\"EntryPoint\",\"urlTemplate\":\"https:\/\/braillecraft.pl\/?s={search_term_string}\"},\"query-input\":{\"@type\":\"PropertyValueSpecification\",\"valueRequired\":true,\"valueName\":\"search_term_string\"}}],\"inLanguage\":\"en-US\"}]}<\/script>\n<!-- \/ Yoast SEO plugin. -->","yoast_head_json":{"title":"Strona g\u0142\u00f3wna - BrailleCraft","robots":{"index":"index","follow":"follow","max-snippet":"max-snippet:-1","max-image-preview":"max-image-preview:large","max-video-preview":"max-video-preview:-1"},"canonical":"https:\/\/braillecraft.pl\/","og_locale":"en_US","og_type":"article","og_title":"Strona g\u0142\u00f3wna - BrailleCraft","og_url":"https:\/\/braillecraft.pl\/","og_site_name":"BrailleCraft","article_modified_time":"2026-02-05T10:36:09+00:00","og_image":[{"width":1920,"height":1280,"url":"https:\/\/braillecraft.pl\/wp-content\/uploads\/2025\/04\/IMG_1768_Gabinet.jpg","type":"image\/jpeg"}],"twitter_card":"summary_large_image","twitter_misc":{"Est. reading time":"2 minutes"},"schema":{"@context":"https:\/\/schema.org","@graph":[{"@type":"WebPage","@id":"https:\/\/braillecraft.pl\/","url":"https:\/\/braillecraft.pl\/","name":"Strona g\u0142\u00f3wna - BrailleCraft","isPartOf":{"@id":"https:\/\/braillecraft.pl\/#website"},"primaryImageOfPage":{"@id":"https:\/\/braillecraft.pl\/#primaryimage"},"image":{"@id":"https:\/\/braillecraft.pl\/#primaryimage"},"thumbnailUrl":"https:\/\/braillecraft.pl\/wp-content\/uploads\/2025\/04\/IMG_1768_Gabinet.jpg","datePublished":"2025-04-02T18:28:58+00:00","dateModified":"2026-02-05T10:36:09+00:00","breadcrumb":{"@id":"https:\/\/braillecraft.pl\/#breadcrumb"},"inLanguage":"en-US","potentialAction":[{"@type":"ReadAction","target":["https:\/\/braillecraft.pl\/"]}]},{"@type":"ImageObject","inLanguage":"en-US","@id":"https:\/\/braillecraft.pl\/#primaryimage","url":"https:\/\/braillecraft.pl\/wp-content\/uploads\/2025\/04\/IMG_1768_Gabinet.jpg","contentUrl":"https:\/\/braillecraft.pl\/wp-content\/uploads\/2025\/04\/IMG_1768_Gabinet.jpg","width":1920,"height":1280},{"@type":"BreadcrumbList","@id":"https:\/\/braillecraft.pl\/#breadcrumb","itemListElement":[{"@type":"ListItem","position":1,"name":"Home","item":"https:\/\/braillecraft.pl\/"},{"@type":"ListItem","position":2,"name":"Strona g\u0142\u00f3wna"}]},{"@type":"WebSite","@id":"https:\/\/braillecraft.pl\/#website","url":"https:\/\/braillecraft.pl\/","name":"BrailleCraft","description":"","potentialAction":[{"@type":"SearchAction","target":{"@type":"EntryPoint","urlTemplate":"https:\/\/braillecraft.pl\/?s={search_term_string}"},"query-input":{"@type":"PropertyValueSpecification","valueRequired":true,"valueName":"search_term_string"}}],"inLanguage":"en-US"}]}},"_links":{"self":[{"href":"https:\/\/braillecraft.pl\/index.php?rest_route=\/wp\/v2\/pages\/18","targetHints":{"allow":["GET"]}}],"collection":[{"href":"https:\/\/braillecraft.pl\/index.php?rest_route=\/wp\/v2\/pages"}],"about":[{"href":"https:\/\/braillecraft.pl\/index.php?rest_route=\/wp\/v2\/types\/page"}],"author":[{"embeddable":true,"href":"https:\/\/braillecraft.pl\/index.php?rest_route=\/wp\/v2\/users\/1"}],"replies":[{"embeddable":true,"href":"https:\/\/braillecraft.pl\/index.php?rest_route=%2Fwp%2Fv2%2Fcomments&post=18"}],"version-history":[{"count":29,"href":"https:\/\/braillecraft.pl\/index.php?rest_route=\/wp\/v2\/pages\/18\/revisions"}],"predecessor-version":[{"id":204,"href":"https:\/\/braillecraft.pl\/index.php?rest_route=\/wp\/v2\/pages\/18\/revisions\/204"}],"wp:attachment":[{"href":"https:\/\/braillecraft.pl\/index.php?rest_route=%2Fwp%2Fv2%2Fmedia&parent=18"}],"curies":[{"name":"wp","href":"https:\/\/api.w.org\/{rel}","templated":true}]}}