{"id":51,"date":"2025-04-02T21:21:45","date_gmt":"2025-04-02T19:21:45","guid":{"rendered":"https:\/\/braillecraft.pl\/?page_id=51"},"modified":"2025-04-15T08:53:14","modified_gmt":"2025-04-15T06:53:14","slug":"o-nas","status":"publish","type":"page","link":"https:\/\/braillecraft.pl\/?page_id=51","title":{"rendered":"O nas"},"content":{"rendered":"\n<figure class=\"wp-block-image size-large\"><img fetchpriority=\"high\" decoding=\"async\" width=\"1024\" height=\"732\" src=\"https:\/\/braillecraft.pl\/wp-content\/uploads\/2025\/04\/znak2-1024x732.jpg\" alt=\"Znak drogowy z logiem BrailleCraft\" class=\"wp-image-27\" srcset=\"https:\/\/braillecraft.pl\/wp-content\/uploads\/2025\/04\/znak2-1024x732.jpg 1024w, https:\/\/braillecraft.pl\/wp-content\/uploads\/2025\/04\/znak2-300x214.jpg 300w, https:\/\/braillecraft.pl\/wp-content\/uploads\/2025\/04\/znak2.jpg 1600w\" sizes=\"(max-width: 1024px) 100vw, 1024px\" \/><\/figure>\n\n\n\n<p>W drodze do samodzielno\u015bci potrzebne s\u0105 czytelne informacje. BrailleCraft powsta\u0142 z my\u015bl\u0105 o tych, kt\u00f3rzy czytaj\u0105 dotykiem, by pewnie kroczyli, otwieraj\u0105c w\u0142a\u015bciwe drzwi.<\/p>\n\n\n\n<p>Firma stworzona w Krakowie przez dw\u00f3ch tyfloinformatyk\u00f3w \u2013 specjalist\u00f3w z zakresu technologii wspomagaj\u0105cej i technik brajlowskich, tyflopedagog\u00f3w z wieloletnim do\u015bwiadczeniem w pracy z osobami z niepe\u0142nosprawno\u015bci\u0105 wzroku.<\/p>\n\n\n\n<p>Od projektu do produktu \u2013 precyzja i profesjonalizm \u2013 w ka\u017cdym punkcie.<\/p>\n","protected":false},"excerpt":{"rendered":"<p>W drodze do samodzielno\u015bci potrzebne s\u0105 czytelne informacje. BrailleCraft powsta\u0142 z my\u015bl\u0105 o tych, kt\u00f3rzy czytaj\u0105 dotykiem, by pewnie kroczyli, otwieraj\u0105c w\u0142a\u015bciwe drzwi. Firma stworzona w Krakowie przez dw\u00f3ch tyfloinformatyk\u00f3w \u2013 specjalist\u00f3w z zakresu technologii wspomagaj\u0105cej i technik brajlowskich, tyflopedagog\u00f3w z wieloletnim do\u015bwiadczeniem w pracy z osobami z niepe\u0142nosprawno\u015bci\u0105 wzroku. Od projektu do produktu \u2013 <a href=\"https:\/\/braillecraft.pl\/?page_id=51\" class=\"more-link\">&#8230;<span class=\"screen-reader-text\">  O nas<\/span><\/a><\/p>\n","protected":false},"author":1,"featured_media":0,"parent":0,"menu_order":0,"comment_status":"closed","ping_status":"closed","template":"","meta":{"footnotes":""},"class_list":["post-51","page","type-page","status-publish","hentry"],"yoast_head":"<!-- This site is optimized with the Yoast SEO plugin v24.5 - https:\/\/yoast.com\/wordpress\/plugins\/seo\/ -->\n<title>O nas - BrailleCraft<\/title>\n<meta name=\"description\" content=\"Firma stworzona w Krakowie przez dw\u00f3ch tyfloinformatyk\u00f3w \u2013 specjalist\u00f3w z zakresu technologii wspomagaj\u0105cej i technik brajlowskich, tyflopedagog\u00f3w z wieloletnim do\u015bwiadczeniem w pracy z osobami z niepe\u0142nosprawno\u015bci\u0105 wzroku.\" \/>\n<meta name=\"robots\" content=\"index, follow, max-snippet:-1, max-image-preview:large, max-video-preview:-1\" \/>\n<link rel=\"canonical\" href=\"https:\/\/braillecraft.pl\/?page_id=51\" \/>\n<meta property=\"og:locale\" content=\"en_US\" \/>\n<meta property=\"og:type\" content=\"article\" \/>\n<meta property=\"og:title\" content=\"O nas - BrailleCraft\" \/>\n<meta property=\"og:description\" content=\"Firma stworzona w Krakowie przez dw\u00f3ch tyfloinformatyk\u00f3w \u2013 specjalist\u00f3w z zakresu technologii wspomagaj\u0105cej i technik brajlowskich, tyflopedagog\u00f3w z wieloletnim do\u015bwiadczeniem w pracy z osobami z niepe\u0142nosprawno\u015bci\u0105 wzroku.\" \/>\n<meta property=\"og:url\" content=\"https:\/\/braillecraft.pl\/?page_id=51\" \/>\n<meta property=\"og:site_name\" content=\"BrailleCraft\" \/>\n<meta property=\"article:modified_time\" content=\"2025-04-15T06:53:14+00:00\" \/>\n<meta property=\"og:image\" content=\"https:\/\/braillecraft.pl\/wp-content\/uploads\/2025\/04\/znak2.jpg\" \/>\n\t<meta property=\"og:image:width\" content=\"1600\" \/>\n\t<meta property=\"og:image:height\" content=\"1143\" \/>\n\t<meta property=\"og:image:type\" content=\"image\/jpeg\" \/>\n<meta name=\"twitter:card\" content=\"summary_large_image\" \/>\n<meta name=\"twitter:label1\" content=\"Est. reading time\" \/>\n\t<meta name=\"twitter:data1\" content=\"1 minute\" \/>\n<script type=\"application\/ld+json\" class=\"yoast-schema-graph\">{\"@context\":\"https:\/\/schema.org\",\"@graph\":[{\"@type\":\"WebPage\",\"@id\":\"https:\/\/braillecraft.pl\/?page_id=51\",\"url\":\"https:\/\/braillecraft.pl\/?page_id=51\",\"name\":\"O nas - BrailleCraft\",\"isPartOf\":{\"@id\":\"https:\/\/braillecraft.pl\/#website\"},\"primaryImageOfPage\":{\"@id\":\"https:\/\/braillecraft.pl\/?page_id=51#primaryimage\"},\"image\":{\"@id\":\"https:\/\/braillecraft.pl\/?page_id=51#primaryimage\"},\"thumbnailUrl\":\"https:\/\/braillecraft.pl\/wp-content\/uploads\/2025\/04\/znak2-1024x732.jpg\",\"datePublished\":\"2025-04-02T19:21:45+00:00\",\"dateModified\":\"2025-04-15T06:53:14+00:00\",\"description\":\"Firma stworzona w Krakowie przez dw\u00f3ch tyfloinformatyk\u00f3w \u2013 specjalist\u00f3w z zakresu technologii wspomagaj\u0105cej i technik brajlowskich, tyflopedagog\u00f3w z wieloletnim do\u015bwiadczeniem w pracy z osobami z niepe\u0142nosprawno\u015bci\u0105 wzroku.\",\"breadcrumb\":{\"@id\":\"https:\/\/braillecraft.pl\/?page_id=51#breadcrumb\"},\"inLanguage\":\"en-US\",\"potentialAction\":[{\"@type\":\"ReadAction\",\"target\":[\"https:\/\/braillecraft.pl\/?page_id=51\"]}]},{\"@type\":\"ImageObject\",\"inLanguage\":\"en-US\",\"@id\":\"https:\/\/braillecraft.pl\/?page_id=51#primaryimage\",\"url\":\"https:\/\/braillecraft.pl\/wp-content\/uploads\/2025\/04\/znak2.jpg\",\"contentUrl\":\"https:\/\/braillecraft.pl\/wp-content\/uploads\/2025\/04\/znak2.jpg\",\"width\":1600,\"height\":1143,\"caption\":\"Znak drogowy z logiem BrailleCraft\"},{\"@type\":\"BreadcrumbList\",\"@id\":\"https:\/\/braillecraft.pl\/?page_id=51#breadcrumb\",\"itemListElement\":[{\"@type\":\"ListItem\",\"position\":1,\"name\":\"Home\",\"item\":\"https:\/\/braillecraft.pl\/\"},{\"@type\":\"ListItem\",\"position\":2,\"name\":\"O nas\"}]},{\"@type\":\"WebSite\",\"@id\":\"https:\/\/braillecraft.pl\/#website\",\"url\":\"https:\/\/braillecraft.pl\/\",\"name\":\"BrailleCraft\",\"description\":\"\",\"potentialAction\":[{\"@type\":\"SearchAction\",\"target\":{\"@type\":\"EntryPoint\",\"urlTemplate\":\"https:\/\/braillecraft.pl\/?s={search_term_string}\"},\"query-input\":{\"@type\":\"PropertyValueSpecification\",\"valueRequired\":true,\"valueName\":\"search_term_string\"}}],\"inLanguage\":\"en-US\"}]}<\/script>\n<!-- \/ Yoast SEO plugin. -->","yoast_head_json":{"title":"O nas - BrailleCraft","description":"Firma stworzona w Krakowie przez dw\u00f3ch tyfloinformatyk\u00f3w \u2013 specjalist\u00f3w z zakresu technologii wspomagaj\u0105cej i technik brajlowskich, tyflopedagog\u00f3w z wieloletnim do\u015bwiadczeniem w pracy z osobami z niepe\u0142nosprawno\u015bci\u0105 wzroku.","robots":{"index":"index","follow":"follow","max-snippet":"max-snippet:-1","max-image-preview":"max-image-preview:large","max-video-preview":"max-video-preview:-1"},"canonical":"https:\/\/braillecraft.pl\/?page_id=51","og_locale":"en_US","og_type":"article","og_title":"O nas - BrailleCraft","og_description":"Firma stworzona w Krakowie przez dw\u00f3ch tyfloinformatyk\u00f3w \u2013 specjalist\u00f3w z zakresu technologii wspomagaj\u0105cej i technik brajlowskich, tyflopedagog\u00f3w z wieloletnim do\u015bwiadczeniem w pracy z osobami z niepe\u0142nosprawno\u015bci\u0105 wzroku.","og_url":"https:\/\/braillecraft.pl\/?page_id=51","og_site_name":"BrailleCraft","article_modified_time":"2025-04-15T06:53:14+00:00","og_image":[{"width":1600,"height":1143,"url":"https:\/\/braillecraft.pl\/wp-content\/uploads\/2025\/04\/znak2.jpg","type":"image\/jpeg"}],"twitter_card":"summary_large_image","twitter_misc":{"Est. reading time":"1 minute"},"schema":{"@context":"https:\/\/schema.org","@graph":[{"@type":"WebPage","@id":"https:\/\/braillecraft.pl\/?page_id=51","url":"https:\/\/braillecraft.pl\/?page_id=51","name":"O nas - BrailleCraft","isPartOf":{"@id":"https:\/\/braillecraft.pl\/#website"},"primaryImageOfPage":{"@id":"https:\/\/braillecraft.pl\/?page_id=51#primaryimage"},"image":{"@id":"https:\/\/braillecraft.pl\/?page_id=51#primaryimage"},"thumbnailUrl":"https:\/\/braillecraft.pl\/wp-content\/uploads\/2025\/04\/znak2-1024x732.jpg","datePublished":"2025-04-02T19:21:45+00:00","dateModified":"2025-04-15T06:53:14+00:00","description":"Firma stworzona w Krakowie przez dw\u00f3ch tyfloinformatyk\u00f3w \u2013 specjalist\u00f3w z zakresu technologii wspomagaj\u0105cej i technik brajlowskich, tyflopedagog\u00f3w z wieloletnim do\u015bwiadczeniem w pracy z osobami z niepe\u0142nosprawno\u015bci\u0105 wzroku.","breadcrumb":{"@id":"https:\/\/braillecraft.pl\/?page_id=51#breadcrumb"},"inLanguage":"en-US","potentialAction":[{"@type":"ReadAction","target":["https:\/\/braillecraft.pl\/?page_id=51"]}]},{"@type":"ImageObject","inLanguage":"en-US","@id":"https:\/\/braillecraft.pl\/?page_id=51#primaryimage","url":"https:\/\/braillecraft.pl\/wp-content\/uploads\/2025\/04\/znak2.jpg","contentUrl":"https:\/\/braillecraft.pl\/wp-content\/uploads\/2025\/04\/znak2.jpg","width":1600,"height":1143,"caption":"Znak drogowy z logiem BrailleCraft"},{"@type":"BreadcrumbList","@id":"https:\/\/braillecraft.pl\/?page_id=51#breadcrumb","itemListElement":[{"@type":"ListItem","position":1,"name":"Home","item":"https:\/\/braillecraft.pl\/"},{"@type":"ListItem","position":2,"name":"O nas"}]},{"@type":"WebSite","@id":"https:\/\/braillecraft.pl\/#website","url":"https:\/\/braillecraft.pl\/","name":"BrailleCraft","description":"","potentialAction":[{"@type":"SearchAction","target":{"@type":"EntryPoint","urlTemplate":"https:\/\/braillecraft.pl\/?s={search_term_string}"},"query-input":{"@type":"PropertyValueSpecification","valueRequired":true,"valueName":"search_term_string"}}],"inLanguage":"en-US"}]}},"_links":{"self":[{"href":"https:\/\/braillecraft.pl\/index.php?rest_route=\/wp\/v2\/pages\/51","targetHints":{"allow":["GET"]}}],"collection":[{"href":"https:\/\/braillecraft.pl\/index.php?rest_route=\/wp\/v2\/pages"}],"about":[{"href":"https:\/\/braillecraft.pl\/index.php?rest_route=\/wp\/v2\/types\/page"}],"author":[{"embeddable":true,"href":"https:\/\/braillecraft.pl\/index.php?rest_route=\/wp\/v2\/users\/1"}],"replies":[{"embeddable":true,"href":"https:\/\/braillecraft.pl\/index.php?rest_route=%2Fwp%2Fv2%2Fcomments&post=51"}],"version-history":[{"count":7,"href":"https:\/\/braillecraft.pl\/index.php?rest_route=\/wp\/v2\/pages\/51\/revisions"}],"predecessor-version":[{"id":168,"href":"https:\/\/braillecraft.pl\/index.php?rest_route=\/wp\/v2\/pages\/51\/revisions\/168"}],"wp:attachment":[{"href":"https:\/\/braillecraft.pl\/index.php?rest_route=%2Fwp%2Fv2%2Fmedia&parent=51"}],"curies":[{"name":"wp","href":"https:\/\/api.w.org\/{rel}","templated":true}]}}