{"id":82,"date":"2025-04-03T15:51:04","date_gmt":"2025-04-03T13:51:04","guid":{"rendered":"https:\/\/braillecraft.pl\/?page_id=82"},"modified":"2025-04-23T16:21:11","modified_gmt":"2025-04-23T14:21:11","slug":"wydruki-i-adaptacje-brajlowskie","status":"publish","type":"page","link":"https:\/\/braillecraft.pl\/?page_id=82","title":{"rendered":"Wydruki i adaptacje brajlowskie"},"content":{"rendered":"\n<figure class=\"wp-block-image size-full\"><img fetchpriority=\"high\" decoding=\"async\" width=\"1920\" height=\"1280\" src=\"https:\/\/braillecraft.pl\/wp-content\/uploads\/2025\/04\/TekstBrajlowski.jpg\" alt=\"\" class=\"wp-image-100\" srcset=\"https:\/\/braillecraft.pl\/wp-content\/uploads\/2025\/04\/TekstBrajlowski.jpg 1920w, https:\/\/braillecraft.pl\/wp-content\/uploads\/2025\/04\/TekstBrajlowski-300x200.jpg 300w\" sizes=\"(max-width: 1920px) 100vw, 1920px\" \/><\/figure>\n\n\n\n<h2 class=\"wp-block-heading\">Oferujemy<\/h2>\n\n\n\n<ul class=\"wp-block-list\">\n<li>adaptacje dokument\u00f3w do wydruku w alfabecie Braille\u2019a,<\/li>\n\n\n\n<li>umo\u017cliwienie kontroli tekstu osobom widz\u0105cym poprzez umieszczenie wersji czarnodrukowej, koresponduj\u0105cej z ka\u017cdym wersem tekstu brajlowskiego,<\/li>\n\n\n\n<li>mo\u017cliwo\u015b\u0107 wype\u0142niania formularzy przez osoby niewidome w spos\u00f3b samodzielny.<\/li>\n<\/ul>\n\n\n\n<h2 class=\"wp-block-heading\">Zapewniamy<\/h2>\n\n\n\n<ul class=\"wp-block-list\">\n<li>zgodno\u015b\u0107 z polsk\u0105 notacj\u0105 brajlowsk\u0105,<\/li>\n\n\n\n<li>profesjonalizm wykonanej us\u0142ugi,<\/li>\n\n\n\n<li>wiedz\u0119 merytoryczn\u0105 w oparciu o wykszta\u0142cenie tyflopedagogiczne oraz ponad 20-letnie do\u015bwiadczenie w pracy z osobami niewidomymi.<\/li>\n<\/ul>\n\n\n\n<p>Wycena zlecenia ustalana jest indywidualnie z zamawiaj\u0105cym. Uzale\u017cniona jest od rodzaju tekstu (z\u0142o\u017cono\u015bci procesu adaptacji) oraz nak\u0142adu. Zapraszamy do <a href=\"https:\/\/braillecraft.pl\/?page_id=53\">kontaktu<\/a>.<\/p>\n","protected":false},"excerpt":{"rendered":"<p>Oferujemy Zapewniamy Wycena zlecenia ustalana jest indywidualnie z zamawiaj\u0105cym. Uzale\u017cniona jest od rodzaju tekstu (z\u0142o\u017cono\u015bci procesu adaptacji) oraz nak\u0142adu. Zapraszamy do kontaktu.<\/p>\n","protected":false},"author":1,"featured_media":0,"parent":0,"menu_order":0,"comment_status":"closed","ping_status":"closed","template":"","meta":{"footnotes":""},"class_list":["post-82","page","type-page","status-publish","hentry"],"yoast_head":"<!-- This site is optimized with the Yoast SEO plugin v24.5 - https:\/\/yoast.com\/wordpress\/plugins\/seo\/ -->\n<title>Wydruki i adaptacje brajlowskie - BrailleCraft<\/title>\n<meta name=\"description\" content=\"Wykonujemy profesjonalne adaptacje i wydruki brajlowskie zgodne z polsk\u0105 notacj\u0105 brajlowsk\u0105, mamy ponad 20-letnie do\u015bwiadczenie.\" \/>\n<meta name=\"robots\" content=\"index, follow, max-snippet:-1, max-image-preview:large, max-video-preview:-1\" \/>\n<link rel=\"canonical\" href=\"https:\/\/braillecraft.pl\/?page_id=82\" \/>\n<meta property=\"og:locale\" content=\"en_US\" \/>\n<meta property=\"og:type\" content=\"article\" \/>\n<meta property=\"og:title\" content=\"Wydruki i adaptacje brajlowskie - BrailleCraft\" \/>\n<meta property=\"og:description\" content=\"Wykonujemy profesjonalne adaptacje i wydruki brajlowskie zgodne z polsk\u0105 notacj\u0105 brajlowsk\u0105, mamy ponad 20-letnie do\u015bwiadczenie.\" \/>\n<meta property=\"og:url\" content=\"https:\/\/braillecraft.pl\/?page_id=82\" \/>\n<meta property=\"og:site_name\" content=\"BrailleCraft\" \/>\n<meta property=\"article:modified_time\" content=\"2025-04-23T14:21:11+00:00\" \/>\n<meta property=\"og:image\" content=\"https:\/\/braillecraft.pl\/wp-content\/uploads\/2025\/04\/TekstBrajlowski.jpg\" \/>\n\t<meta property=\"og:image:width\" content=\"1920\" \/>\n\t<meta property=\"og:image:height\" content=\"1280\" \/>\n\t<meta property=\"og:image:type\" content=\"image\/jpeg\" \/>\n<meta name=\"twitter:card\" content=\"summary_large_image\" \/>\n<meta name=\"twitter:label1\" content=\"Est. reading time\" \/>\n\t<meta name=\"twitter:data1\" content=\"1 minute\" \/>\n<script type=\"application\/ld+json\" class=\"yoast-schema-graph\">{\"@context\":\"https:\/\/schema.org\",\"@graph\":[{\"@type\":\"WebPage\",\"@id\":\"https:\/\/braillecraft.pl\/?page_id=82\",\"url\":\"https:\/\/braillecraft.pl\/?page_id=82\",\"name\":\"Wydruki i adaptacje brajlowskie - BrailleCraft\",\"isPartOf\":{\"@id\":\"https:\/\/braillecraft.pl\/#website\"},\"primaryImageOfPage\":{\"@id\":\"https:\/\/braillecraft.pl\/?page_id=82#primaryimage\"},\"image\":{\"@id\":\"https:\/\/braillecraft.pl\/?page_id=82#primaryimage\"},\"thumbnailUrl\":\"https:\/\/braillecraft.pl\/wp-content\/uploads\/2025\/04\/TekstBrajlowski.jpg\",\"datePublished\":\"2025-04-03T13:51:04+00:00\",\"dateModified\":\"2025-04-23T14:21:11+00:00\",\"description\":\"Wykonujemy profesjonalne adaptacje i wydruki brajlowskie zgodne z polsk\u0105 notacj\u0105 brajlowsk\u0105, mamy ponad 20-letnie do\u015bwiadczenie.\",\"breadcrumb\":{\"@id\":\"https:\/\/braillecraft.pl\/?page_id=82#breadcrumb\"},\"inLanguage\":\"en-US\",\"potentialAction\":[{\"@type\":\"ReadAction\",\"target\":[\"https:\/\/braillecraft.pl\/?page_id=82\"]}]},{\"@type\":\"ImageObject\",\"inLanguage\":\"en-US\",\"@id\":\"https:\/\/braillecraft.pl\/?page_id=82#primaryimage\",\"url\":\"https:\/\/braillecraft.pl\/wp-content\/uploads\/2025\/04\/TekstBrajlowski.jpg\",\"contentUrl\":\"https:\/\/braillecraft.pl\/wp-content\/uploads\/2025\/04\/TekstBrajlowski.jpg\",\"width\":1920,\"height\":1280},{\"@type\":\"BreadcrumbList\",\"@id\":\"https:\/\/braillecraft.pl\/?page_id=82#breadcrumb\",\"itemListElement\":[{\"@type\":\"ListItem\",\"position\":1,\"name\":\"Home\",\"item\":\"https:\/\/braillecraft.pl\/\"},{\"@type\":\"ListItem\",\"position\":2,\"name\":\"Wydruki i adaptacje brajlowskie\"}]},{\"@type\":\"WebSite\",\"@id\":\"https:\/\/braillecraft.pl\/#website\",\"url\":\"https:\/\/braillecraft.pl\/\",\"name\":\"BrailleCraft\",\"description\":\"\",\"potentialAction\":[{\"@type\":\"SearchAction\",\"target\":{\"@type\":\"EntryPoint\",\"urlTemplate\":\"https:\/\/braillecraft.pl\/?s={search_term_string}\"},\"query-input\":{\"@type\":\"PropertyValueSpecification\",\"valueRequired\":true,\"valueName\":\"search_term_string\"}}],\"inLanguage\":\"en-US\"}]}<\/script>\n<!-- \/ Yoast SEO plugin. -->","yoast_head_json":{"title":"Wydruki i adaptacje brajlowskie - BrailleCraft","description":"Wykonujemy profesjonalne adaptacje i wydruki brajlowskie zgodne z polsk\u0105 notacj\u0105 brajlowsk\u0105, mamy ponad 20-letnie do\u015bwiadczenie.","robots":{"index":"index","follow":"follow","max-snippet":"max-snippet:-1","max-image-preview":"max-image-preview:large","max-video-preview":"max-video-preview:-1"},"canonical":"https:\/\/braillecraft.pl\/?page_id=82","og_locale":"en_US","og_type":"article","og_title":"Wydruki i adaptacje brajlowskie - BrailleCraft","og_description":"Wykonujemy profesjonalne adaptacje i wydruki brajlowskie zgodne z polsk\u0105 notacj\u0105 brajlowsk\u0105, mamy ponad 20-letnie do\u015bwiadczenie.","og_url":"https:\/\/braillecraft.pl\/?page_id=82","og_site_name":"BrailleCraft","article_modified_time":"2025-04-23T14:21:11+00:00","og_image":[{"width":1920,"height":1280,"url":"https:\/\/braillecraft.pl\/wp-content\/uploads\/2025\/04\/TekstBrajlowski.jpg","type":"image\/jpeg"}],"twitter_card":"summary_large_image","twitter_misc":{"Est. reading time":"1 minute"},"schema":{"@context":"https:\/\/schema.org","@graph":[{"@type":"WebPage","@id":"https:\/\/braillecraft.pl\/?page_id=82","url":"https:\/\/braillecraft.pl\/?page_id=82","name":"Wydruki i adaptacje brajlowskie - BrailleCraft","isPartOf":{"@id":"https:\/\/braillecraft.pl\/#website"},"primaryImageOfPage":{"@id":"https:\/\/braillecraft.pl\/?page_id=82#primaryimage"},"image":{"@id":"https:\/\/braillecraft.pl\/?page_id=82#primaryimage"},"thumbnailUrl":"https:\/\/braillecraft.pl\/wp-content\/uploads\/2025\/04\/TekstBrajlowski.jpg","datePublished":"2025-04-03T13:51:04+00:00","dateModified":"2025-04-23T14:21:11+00:00","description":"Wykonujemy profesjonalne adaptacje i wydruki brajlowskie zgodne z polsk\u0105 notacj\u0105 brajlowsk\u0105, mamy ponad 20-letnie do\u015bwiadczenie.","breadcrumb":{"@id":"https:\/\/braillecraft.pl\/?page_id=82#breadcrumb"},"inLanguage":"en-US","potentialAction":[{"@type":"ReadAction","target":["https:\/\/braillecraft.pl\/?page_id=82"]}]},{"@type":"ImageObject","inLanguage":"en-US","@id":"https:\/\/braillecraft.pl\/?page_id=82#primaryimage","url":"https:\/\/braillecraft.pl\/wp-content\/uploads\/2025\/04\/TekstBrajlowski.jpg","contentUrl":"https:\/\/braillecraft.pl\/wp-content\/uploads\/2025\/04\/TekstBrajlowski.jpg","width":1920,"height":1280},{"@type":"BreadcrumbList","@id":"https:\/\/braillecraft.pl\/?page_id=82#breadcrumb","itemListElement":[{"@type":"ListItem","position":1,"name":"Home","item":"https:\/\/braillecraft.pl\/"},{"@type":"ListItem","position":2,"name":"Wydruki i adaptacje brajlowskie"}]},{"@type":"WebSite","@id":"https:\/\/braillecraft.pl\/#website","url":"https:\/\/braillecraft.pl\/","name":"BrailleCraft","description":"","potentialAction":[{"@type":"SearchAction","target":{"@type":"EntryPoint","urlTemplate":"https:\/\/braillecraft.pl\/?s={search_term_string}"},"query-input":{"@type":"PropertyValueSpecification","valueRequired":true,"valueName":"search_term_string"}}],"inLanguage":"en-US"}]}},"_links":{"self":[{"href":"https:\/\/braillecraft.pl\/index.php?rest_route=\/wp\/v2\/pages\/82","targetHints":{"allow":["GET"]}}],"collection":[{"href":"https:\/\/braillecraft.pl\/index.php?rest_route=\/wp\/v2\/pages"}],"about":[{"href":"https:\/\/braillecraft.pl\/index.php?rest_route=\/wp\/v2\/types\/page"}],"author":[{"embeddable":true,"href":"https:\/\/braillecraft.pl\/index.php?rest_route=\/wp\/v2\/users\/1"}],"replies":[{"embeddable":true,"href":"https:\/\/braillecraft.pl\/index.php?rest_route=%2Fwp%2Fv2%2Fcomments&post=82"}],"version-history":[{"count":11,"href":"https:\/\/braillecraft.pl\/index.php?rest_route=\/wp\/v2\/pages\/82\/revisions"}],"predecessor-version":[{"id":174,"href":"https:\/\/braillecraft.pl\/index.php?rest_route=\/wp\/v2\/pages\/82\/revisions\/174"}],"wp:attachment":[{"href":"https:\/\/braillecraft.pl\/index.php?rest_route=%2Fwp%2Fv2%2Fmedia&parent=82"}],"curies":[{"name":"wp","href":"https:\/\/api.w.org\/{rel}","templated":true}]}}